{"id":7100,"date":"2025-09-20T13:10:07","date_gmt":"2025-09-20T11:10:07","guid":{"rendered":"http:\/\/studiocomunicacion.com\/?page_id=7100"},"modified":"2026-03-07T20:13:44","modified_gmt":"2026-03-07T19:13:44","slug":"redes-sociales","status":"publish","type":"page","link":"http:\/\/studiocomunicacion.com\/?page_id=7100","title":{"rendered":"REDES SOCIALES"},"content":{"rendered":"\n<p>Dise\u00f1o y estructuro una <strong>estrategia a medida<\/strong>, con una <strong>visi\u00f3n est\u00e9tica y editorial<\/strong> que conecta la identidad de cada marca con su comunidad. Creo un universo visual coherente, elegante y cuidado, en el que cada publicaci\u00f3n tiene un prop\u00f3sito: transmitir valores, reforzar la imagen y generar impacto real.<br>Me centro en <strong>alinear estrategia y est\u00e9tica<\/strong> para que las redes sociales no sean solo un escaparate, sino una herramienta que construya marca y diferencie frente a la competencia.<\/p>\n\n\n\n<div class=\"wp-block-group has-global-padding is-layout-constrained wp-block-group-is-layout-constrained\">\n<div class=\"wp-block-columns is-layout-flex wp-container-core-columns-is-layout-28f84493 wp-block-columns-is-layout-flex\">\n<div class=\"wp-block-column is-layout-flow wp-block-column-is-layout-flow\"><\/div>\n<\/div>\n<\/div>\n\n\n\n<div class=\"wp-block-columns is-layout-flex wp-container-core-columns-is-layout-28f84493 wp-block-columns-is-layout-flex\">\n<div class=\"wp-block-column is-layout-flow wp-block-column-is-layout-flow\">\n<h4 class=\"wp-block-heading has-text-align-left\">@emededesign<\/h4>\n\n\n\n<figure class=\"wp-block-image size-large\"><img loading=\"lazy\" decoding=\"async\" width=\"580\" height=\"1024\" src=\"https:\/\/studiocomunicacion.com\/wp-content\/uploads\/2026\/03\/PHOTO-2026-03-07-20-09-57-580x1024.jpg\" alt=\"\" class=\"wp-image-7386\" srcset=\"http:\/\/studiocomunicacion.com\/wp-content\/uploads\/2026\/03\/PHOTO-2026-03-07-20-09-57-580x1024.jpg 580w, http:\/\/studiocomunicacion.com\/wp-content\/uploads\/2026\/03\/PHOTO-2026-03-07-20-09-57-170x300.jpg 170w, http:\/\/studiocomunicacion.com\/wp-content\/uploads\/2026\/03\/PHOTO-2026-03-07-20-09-57.jpg 1160w\" sizes=\"auto, (max-width: 580px) 100vw, 580px\" \/><\/figure>\n<\/div>\n\n\n\n<div class=\"wp-block-column is-layout-flow wp-block-column-is-layout-flow\">\n<figure class=\"wp-block-image size-full\"><img loading=\"lazy\" decoding=\"async\" width=\"484\" height=\"632\" src=\"http:\/\/studiocomunicacion.com\/wp-content\/uploads\/2026\/03\/Captura-de-pantalla-2026-01-17-a-las-19.37.24.png\" alt=\"\" class=\"wp-image-7387\" srcset=\"http:\/\/studiocomunicacion.com\/wp-content\/uploads\/2026\/03\/Captura-de-pantalla-2026-01-17-a-las-19.37.24.png 484w, http:\/\/studiocomunicacion.com\/wp-content\/uploads\/2026\/03\/Captura-de-pantalla-2026-01-17-a-las-19.37.24-230x300.png 230w\" sizes=\"auto, (max-width: 484px) 100vw, 484px\" \/><\/figure>\n<\/div>\n<\/div>\n\n\n\n<div class=\"wp-block-columns is-layout-flex wp-container-core-columns-is-layout-28f84493 wp-block-columns-is-layout-flex\">\n<div class=\"wp-block-column is-layout-flow wp-block-column-is-layout-flow\">\n<h4 class=\"wp-block-heading has-text-align-left\">@beatriz_saiz_interiorismo<\/h4>\n\n\n\n<figure class=\"wp-block-image size-full\"><img loading=\"lazy\" decoding=\"async\" width=\"1206\" height=\"1914\" src=\"http:\/\/studiocomunicacion.com\/wp-content\/uploads\/2025\/09\/IMG_0767-1.jpg\" alt=\"\" class=\"wp-image-7105\" srcset=\"http:\/\/studiocomunicacion.com\/wp-content\/uploads\/2025\/09\/IMG_0767-1.jpg 1206w, http:\/\/studiocomunicacion.com\/wp-content\/uploads\/2025\/09\/IMG_0767-1-189x300.jpg 189w, http:\/\/studiocomunicacion.com\/wp-content\/uploads\/2025\/09\/IMG_0767-1-645x1024.jpg 645w\" sizes=\"auto, (max-width: 1206px) 100vw, 1206px\" \/><\/figure>\n<\/div>\n\n\n\n<div class=\"wp-block-column is-layout-flow wp-block-column-is-layout-flow\">\n<figure class=\"wp-block-image size-full\"><img loading=\"lazy\" decoding=\"async\" width=\"1206\" height=\"1498\" src=\"http:\/\/studiocomunicacion.com\/wp-content\/uploads\/2025\/09\/IMG_0769.jpg\" alt=\"\" class=\"wp-image-7115\" srcset=\"http:\/\/studiocomunicacion.com\/wp-content\/uploads\/2025\/09\/IMG_0769.jpg 1206w, http:\/\/studiocomunicacion.com\/wp-content\/uploads\/2025\/09\/IMG_0769-242x300.jpg 242w, http:\/\/studiocomunicacion.com\/wp-content\/uploads\/2025\/09\/IMG_0769-824x1024.jpg 824w\" sizes=\"auto, (max-width: 1206px) 100vw, 1206px\" \/><\/figure>\n<\/div>\n<\/div>\n","protected":false},"excerpt":{"rendered":"<p>Dise\u00f1o y estructuro una estrategia a medida, con una visi\u00f3n est\u00e9tica y editorial que conecta la identidad de cada marca con su comunidad. Creo un universo visual coherente, elegante y cuidado, en el que cada publicaci\u00f3n tiene un prop\u00f3sito: transmitir valores, reforzar la imagen y generar impacto real.Me centro en alinear estrategia y est\u00e9tica para &hellip; <\/p>\n<p class=\"link-more\"><a href=\"http:\/\/studiocomunicacion.com\/?page_id=7100\" class=\"more-link\">Leer m\u00e1s<span class=\"screen-reader-text\"> \u00abREDES SOCIALES\u00bb<\/span><\/a><\/p>\n","protected":false},"author":1,"featured_media":0,"parent":0,"menu_order":0,"comment_status":"closed","ping_status":"closed","template":"","meta":{"_editorskit_title_hidden":false,"_editorskit_reading_time":0,"_editorskit_is_block_options_detached":false,"_editorskit_block_options_position":"{}","footnotes":""},"class_list":["post-7100","page","type-page","status-publish","hentry"],"featured_media_urls":[],"_links":{"self":[{"href":"http:\/\/studiocomunicacion.com\/index.php?rest_route=\/wp\/v2\/pages\/7100","targetHints":{"allow":["GET"]}}],"collection":[{"href":"http:\/\/studiocomunicacion.com\/index.php?rest_route=\/wp\/v2\/pages"}],"about":[{"href":"http:\/\/studiocomunicacion.com\/index.php?rest_route=\/wp\/v2\/types\/page"}],"author":[{"embeddable":true,"href":"http:\/\/studiocomunicacion.com\/index.php?rest_route=\/wp\/v2\/users\/1"}],"replies":[{"embeddable":true,"href":"http:\/\/studiocomunicacion.com\/index.php?rest_route=%2Fwp%2Fv2%2Fcomments&post=7100"}],"version-history":[{"count":12,"href":"http:\/\/studiocomunicacion.com\/index.php?rest_route=\/wp\/v2\/pages\/7100\/revisions"}],"predecessor-version":[{"id":7389,"href":"http:\/\/studiocomunicacion.com\/index.php?rest_route=\/wp\/v2\/pages\/7100\/revisions\/7389"}],"wp:attachment":[{"href":"http:\/\/studiocomunicacion.com\/index.php?rest_route=%2Fwp%2Fv2%2Fmedia&parent=7100"}],"curies":[{"name":"wp","href":"https:\/\/api.w.org\/{rel}","templated":true}]}}