{"id":7119,"date":"2025-09-20T19:12:08","date_gmt":"2025-09-20T17:12:08","guid":{"rendered":"http:\/\/studiocomunicacion.com\/?page_id=7119"},"modified":"2025-10-27T17:20:32","modified_gmt":"2025-10-27T16:20:32","slug":"desarrollo-de-conceptos-creativos-aplicados-a-medios-digitales-editoriales-y-fisicos","status":"publish","type":"page","link":"http:\/\/studiocomunicacion.com\/?page_id=7119","title":{"rendered":"DESARROLLO DE CONCEPTOS CREATIVOS APLICADOS A MEDIOS DIGITALES, EDITORIALES Y F\u00cdSICOS"},"content":{"rendered":"\n<p>Transformo ideas en conceptos creativos s\u00f3lidos y vers\u00e1tiles, capaces de adaptarse a diferentes medios y formatos. Mi enfoque combina visi\u00f3n estrat\u00e9gica con sensibilidad est\u00e9tica, asegurando que cada proyecto mantenga coherencia y personalidad, sin importar el canal en el que se exprese.<br><\/p>\n\n\n\n<ul class=\"wp-block-list\">\n<li><strong>Digitales<\/strong>: desde <strong>webs<\/strong> hasta <strong>redes sociales<\/strong>, creo narrativas visuales que transmiten la esencia de la marca en cada plataforma online.<br><\/li>\n\n\n\n<li><strong>Editoriales:<\/strong> desarrollo piezas gr\u00e1ficas &#8211;<strong>cat\u00e1logos, publicaciones, campa\u00f1as impresas<\/strong>&#8230;- que refuerzan el car\u00e1cter de la marca y la acercan a su p\u00fablico objetivo con un estilo cuidado y distintivo, contando lo que en cada momento desea el cliente.<br><\/li>\n\n\n\n<li><strong>F\u00edsicos: <\/strong>aplico la creatividad a experiencias tangibles como <strong>eventos<\/strong> y <strong>presentaciones<\/strong>, donde el concepto se convierte en atm\u00f3sfera y en vivencia para el p\u00fablico.<\/li>\n<\/ul>\n\n\n\n<p>Cada propuesta se adapta a las necesidades de cada proyecto: puede tomar forma en  un solo canal, o combinar varios de estos planos. El resultado siempre mantiene una visi\u00f3n creativa coherente y estrat\u00e9gica, para que la marca sea reconocible y memorable. Los elementos siguen siempre una l\u00ednea visual unificada, para que el mensaje y la est\u00e9tica est\u00e9n siempre alineados.<br><\/p>\n\n\n\n<div class=\"wp-block-group has-mobile-text-align-justify has-global-padding is-layout-constrained wp-block-group-is-layout-constrained\">\n<div class=\"wp-block-columns is-layout-flex wp-container-core-columns-is-layout-28f84493 wp-block-columns-is-layout-flex\">\n<div class=\"wp-block-column is-layout-flow wp-block-column-is-layout-flow\" style=\"flex-basis:100%\">\n<div class=\"wp-block-columns is-layout-flex wp-container-core-columns-is-layout-28f84493 wp-block-columns-is-layout-flex\">\n<div class=\"wp-block-column is-layout-flow wp-block-column-is-layout-flow\">\n<div class=\"wp-block-cover aligncenter\" style=\"min-height:457px;aspect-ratio:unset;\"><img loading=\"lazy\" decoding=\"async\" width=\"600\" height=\"750\" class=\"wp-block-cover__image-background wp-image-7073\" alt=\"\" src=\"http:\/\/studiocomunicacion.com\/wp-content\/uploads\/2025\/09\/Metal-Magazine-Enric-Galceran-7.jpg\" data-object-fit=\"cover\" srcset=\"http:\/\/studiocomunicacion.com\/wp-content\/uploads\/2025\/09\/Metal-Magazine-Enric-Galceran-7.jpg 600w, http:\/\/studiocomunicacion.com\/wp-content\/uploads\/2025\/09\/Metal-Magazine-Enric-Galceran-7-240x300.jpg 240w\" sizes=\"auto, (max-width: 600px) 100vw, 600px\" \/><span aria-hidden=\"true\" class=\"wp-block-cover__background has-background-dim\"><\/span><div class=\"wp-block-cover__inner-container is-layout-flow wp-block-cover-is-layout-flow\">\n<p class=\"has-text-align-center\">Editorial METAL MAG<\/p>\n\n\n\n<div class=\"wp-block-buttons is-content-justification-center is-layout-flex wp-container-core-buttons-is-layout-a89b3969 wp-block-buttons-is-layout-flex\">\n<div class=\"wp-block-button\"><a class=\"wp-block-button__link wp-element-button\" href=\"http:\/\/studiocomunicacion.com\/?page_id=7209\">VER M\u00c1S<\/a><\/div>\n<\/div>\n<\/div><\/div>\n<\/div>\n\n\n\n<div class=\"wp-block-column is-layout-flow wp-block-column-is-layout-flow\">\n<div class=\"wp-block-cover\" style=\"min-height:456px;aspect-ratio:unset;\"><img loading=\"lazy\" decoding=\"async\" width=\"1024\" height=\"678\" class=\"wp-block-cover__image-background wp-image-7092\" alt=\"\" src=\"http:\/\/studiocomunicacion.com\/wp-content\/uploads\/2025\/09\/Captura-de-pantalla-2025-09-19-a-las-22.33.52-1024x678.png\" data-object-fit=\"cover\" srcset=\"http:\/\/studiocomunicacion.com\/wp-content\/uploads\/2025\/09\/Captura-de-pantalla-2025-09-19-a-las-22.33.52-1024x678.png 1024w, http:\/\/studiocomunicacion.com\/wp-content\/uploads\/2025\/09\/Captura-de-pantalla-2025-09-19-a-las-22.33.52-300x198.png 300w, http:\/\/studiocomunicacion.com\/wp-content\/uploads\/2025\/09\/Captura-de-pantalla-2025-09-19-a-las-22.33.52.png 1856w\" sizes=\"auto, (max-width: 1024px) 100vw, 1024px\" \/><span aria-hidden=\"true\" class=\"wp-block-cover__background has-background-dim\"><\/span><div class=\"wp-block-cover__inner-container is-layout-flow wp-block-cover-is-layout-flow\">\n<p class=\"has-text-align-center\">Campa\u00f1a KALEOS<\/p>\n\n\n\n<div class=\"wp-block-buttons is-content-justification-center is-layout-flex wp-container-core-buttons-is-layout-a89b3969 wp-block-buttons-is-layout-flex\">\n<div class=\"wp-block-button\"><a class=\"wp-block-button__link wp-element-button\" href=\"http:\/\/studiocomunicacion.com\/?page_id=7204\">VER M\u00c1S<\/a><\/div>\n<\/div>\n<\/div><\/div>\n<\/div>\n<\/div>\n<\/div>\n<\/div>\n<\/div>\n\n\n\n<div class=\"wp-block-columns is-layout-flex wp-container-core-columns-is-layout-28f84493 wp-block-columns-is-layout-flex\">\n<div class=\"wp-block-column is-vertically-aligned-top is-layout-flow wp-block-column-is-layout-flow\">\n<div class=\"wp-block-cover aligncenter\" style=\"min-height:720px;aspect-ratio:unset;\"><img loading=\"lazy\" decoding=\"async\" width=\"745\" height=\"1024\" class=\"wp-block-cover__image-background wp-image-6973\" alt=\"\" src=\"http:\/\/studiocomunicacion.com\/wp-content\/uploads\/2025\/09\/Captura-de-pantalla-2025-09-18-a-las-16.22.51-745x1024.png\" data-object-fit=\"cover\" srcset=\"http:\/\/studiocomunicacion.com\/wp-content\/uploads\/2025\/09\/Captura-de-pantalla-2025-09-18-a-las-16.22.51-745x1024.png 745w, http:\/\/studiocomunicacion.com\/wp-content\/uploads\/2025\/09\/Captura-de-pantalla-2025-09-18-a-las-16.22.51-218x300.png 218w, http:\/\/studiocomunicacion.com\/wp-content\/uploads\/2025\/09\/Captura-de-pantalla-2025-09-18-a-las-16.22.51.png 774w\" sizes=\"auto, (max-width: 745px) 100vw, 745px\" \/><span aria-hidden=\"true\" class=\"wp-block-cover__background has-background-dim\"><\/span><div class=\"wp-block-cover__inner-container is-layout-flow wp-block-cover-is-layout-flow\">\n<p class=\"has-text-align-center\">Cat\u00e1logo CIVIT<\/p>\n\n\n\n<div class=\"wp-block-buttons is-content-justification-center is-layout-flex wp-container-core-buttons-is-layout-a89b3969 wp-block-buttons-is-layout-flex\">\n<div class=\"wp-block-button\"><a class=\"wp-block-button__link wp-element-button\" href=\"http:\/\/studiocomunicacion.com\/?page_id=7214\">VER M\u00c1S<\/a><\/div>\n<\/div>\n<\/div><\/div>\n<\/div>\n\n\n\n<div class=\"wp-block-column is-vertically-aligned-center is-layout-flow wp-block-column-is-layout-flow\" style=\"flex-basis:50%\">\n<div class=\"wp-block-cover aligncenter is-light\" style=\"min-height:644px;aspect-ratio:unset;\"><img loading=\"lazy\" decoding=\"async\" width=\"527\" height=\"750\" class=\"wp-block-cover__image-background wp-image-7068 size-full\" alt=\"\" src=\"http:\/\/studiocomunicacion.com\/wp-content\/uploads\/2025\/09\/BMM-Magazine-3-Enric-Galceran-7.jpg\" data-object-fit=\"cover\" srcset=\"http:\/\/studiocomunicacion.com\/wp-content\/uploads\/2025\/09\/BMM-Magazine-3-Enric-Galceran-7.jpg 527w, http:\/\/studiocomunicacion.com\/wp-content\/uploads\/2025\/09\/BMM-Magazine-3-Enric-Galceran-7-211x300.jpg 211w\" sizes=\"auto, (max-width: 527px) 100vw, 527px\" \/><span aria-hidden=\"true\" class=\"wp-block-cover__background has-background-dim\" style=\"background-color:#b2b2b2\"><\/span><div class=\"wp-block-cover__inner-container is-layout-flow wp-block-cover-is-layout-flow\">\n<p class=\"has-text-align-center\">Editorial BMM<\/p>\n\n\n\n<div class=\"wp-block-buttons is-content-justification-center is-layout-flex wp-container-core-buttons-is-layout-a89b3969 wp-block-buttons-is-layout-flex\">\n<div class=\"wp-block-button\"><a class=\"wp-block-button__link wp-element-button\" href=\"http:\/\/studiocomunicacion.com\/?page_id=7212\">VER M\u00c1S<\/a><\/div>\n<\/div>\n<\/div><\/div>\n<\/div>\n<\/div>\n\n\n\n<div class=\"wp-block-columns is-layout-flex wp-container-core-columns-is-layout-28f84493 wp-block-columns-is-layout-flex\">\n<div class=\"wp-block-column is-layout-flow wp-block-column-is-layout-flow\">\n<div class=\"wp-block-cover aligncenter\" style=\"min-height:707px;aspect-ratio:unset;\"><img decoding=\"async\" class=\"wp-block-cover__image-background wp-image-7130\" alt=\"\" src=\"http:\/\/studiocomunicacion.com\/wp-content\/uploads\/2025\/09\/Captura-de-pantalla-2025-04-12-a-las-12.12.46-1.png\" data-object-fit=\"cover\"\/><span aria-hidden=\"true\" class=\"wp-block-cover__background has-background-dim\"><\/span><div class=\"wp-block-cover__inner-container is-layout-flow wp-block-cover-is-layout-flow\">\n<p class=\"has-text-align-center\">Desfile Galer\u00eda de Cristal MANGO en ESMA Proyectos<\/p>\n\n\n\n<div class=\"wp-block-buttons is-content-justification-center is-layout-flex wp-container-core-buttons-is-layout-a89b3969 wp-block-buttons-is-layout-flex\">\n<div class=\"wp-block-button\"><a class=\"wp-block-button__link wp-element-button\" href=\"http:\/\/studiocomunicacion.com\/?page_id=7223\">VER M\u00c1S<\/a><\/div>\n<\/div>\n<\/div><\/div>\n<\/div>\n<\/div>\n\n\n\n<div class=\"wp-block-columns is-layout-flex wp-container-core-columns-is-layout-28f84493 wp-block-columns-is-layout-flex\">\n<div class=\"wp-block-column is-vertically-aligned-center is-layout-flow wp-block-column-is-layout-flow\">\n<div class=\"wp-block-cover aligncenter\" style=\"min-height:591px;aspect-ratio:unset;\"><img loading=\"lazy\" decoding=\"async\" width=\"706\" height=\"1024\" class=\"wp-block-cover__image-background wp-image-7134\" alt=\"\" src=\"http:\/\/studiocomunicacion.com\/wp-content\/uploads\/2025\/09\/Captura-de-pantalla-2025-04-12-a-las-12.51.12-1-706x1024.png\" data-object-fit=\"cover\" srcset=\"http:\/\/studiocomunicacion.com\/wp-content\/uploads\/2025\/09\/Captura-de-pantalla-2025-04-12-a-las-12.51.12-1-706x1024.png 706w, http:\/\/studiocomunicacion.com\/wp-content\/uploads\/2025\/09\/Captura-de-pantalla-2025-04-12-a-las-12.51.12-1-207x300.png 207w, http:\/\/studiocomunicacion.com\/wp-content\/uploads\/2025\/09\/Captura-de-pantalla-2025-04-12-a-las-12.51.12-1.png 1320w\" sizes=\"auto, (max-width: 706px) 100vw, 706px\" \/><span aria-hidden=\"true\" class=\"wp-block-cover__background has-background-dim\"><\/span><div class=\"wp-block-cover__inner-container is-layout-flow wp-block-cover-is-layout-flow\">\n<p class=\"has-text-align-center\">Mercedes-Benz-Fashion Week Madrid<br>en ESMA Proyectos<\/p>\n\n\n\n<div class=\"wp-block-buttons is-content-justification-center is-layout-flex wp-container-core-buttons-is-layout-a89b3969 wp-block-buttons-is-layout-flex\">\n<div class=\"wp-block-button\"><a class=\"wp-block-button__link wp-element-button\" href=\"http:\/\/studiocomunicacion.com\/?page_id=7227\">VER M\u00c1S<\/a><\/div>\n<\/div>\n<\/div><\/div>\n<\/div>\n\n\n\n<div class=\"wp-block-column is-layout-flow wp-block-column-is-layout-flow\">\n<div class=\"wp-block-cover aligncenter\" style=\"min-height:731px;aspect-ratio:unset;\"><img loading=\"lazy\" decoding=\"async\" width=\"683\" height=\"1024\" class=\"wp-block-cover__image-background wp-image-7136\" alt=\"\" src=\"http:\/\/studiocomunicacion.com\/wp-content\/uploads\/2025\/09\/Captura-de-pantalla-2025-04-12-a-las-12.09.28-683x1024.png\" data-object-fit=\"cover\" srcset=\"http:\/\/studiocomunicacion.com\/wp-content\/uploads\/2025\/09\/Captura-de-pantalla-2025-04-12-a-las-12.09.28-683x1024.png 683w, http:\/\/studiocomunicacion.com\/wp-content\/uploads\/2025\/09\/Captura-de-pantalla-2025-04-12-a-las-12.09.28-200x300.png 200w, http:\/\/studiocomunicacion.com\/wp-content\/uploads\/2025\/09\/Captura-de-pantalla-2025-04-12-a-las-12.09.28.png 1332w\" sizes=\"auto, (max-width: 683px) 100vw, 683px\" \/><span aria-hidden=\"true\" class=\"wp-block-cover__background has-background-dim\"><\/span><div class=\"wp-block-cover__inner-container is-layout-flow wp-block-cover-is-layout-flow\">\n<p class=\"has-text-align-center\">080 Barcelona Fashion<br>en ESMA Proyectos<\/p>\n\n\n\n<div class=\"wp-block-buttons is-content-justification-center is-layout-flex wp-container-core-buttons-is-layout-a89b3969 wp-block-buttons-is-layout-flex\">\n<div class=\"wp-block-button\"><a class=\"wp-block-button__link wp-element-button\" href=\"http:\/\/studiocomunicacion.com\/?page_id=7233\">VER M\u00c1S<\/a><\/div>\n<\/div>\n<\/div><\/div>\n<\/div>\n<\/div>\n\n\n\n<div class=\"wp-block-columns is-layout-flex wp-container-core-columns-is-layout-28f84493 wp-block-columns-is-layout-flex\">\n<div class=\"wp-block-column is-layout-flow wp-block-column-is-layout-flow\">\n<div class=\"wp-block-columns is-layout-flex wp-container-core-columns-is-layout-28f84493 wp-block-columns-is-layout-flex\">\n<div class=\"wp-block-column is-layout-flow wp-block-column-is-layout-flow\">\n<div class=\"wp-block-cover aligncenter\" style=\"min-height:623px;aspect-ratio:unset;\"><img loading=\"lazy\" decoding=\"async\" width=\"754\" height=\"1024\" class=\"wp-block-cover__image-background wp-image-7137\" alt=\"\" src=\"http:\/\/studiocomunicacion.com\/wp-content\/uploads\/2025\/09\/Captura-de-pantalla-2025-04-12-a-las-12.06.34-754x1024.png\" data-object-fit=\"cover\" srcset=\"http:\/\/studiocomunicacion.com\/wp-content\/uploads\/2025\/09\/Captura-de-pantalla-2025-04-12-a-las-12.06.34-754x1024.png 754w, http:\/\/studiocomunicacion.com\/wp-content\/uploads\/2025\/09\/Captura-de-pantalla-2025-04-12-a-las-12.06.34-221x300.png 221w, http:\/\/studiocomunicacion.com\/wp-content\/uploads\/2025\/09\/Captura-de-pantalla-2025-04-12-a-las-12.06.34.png 1328w\" sizes=\"auto, (max-width: 754px) 100vw, 754px\" \/><span aria-hidden=\"true\" class=\"wp-block-cover__background has-background-dim\"><\/span><div class=\"wp-block-cover__inner-container is-layout-flow wp-block-cover-is-layout-flow\">\n<p class=\"has-text-align-center\">Entrega Bot\u00f3n de Oro MANGO<br>en ESMA Proyectos<\/p>\n\n\n\n<div class=\"wp-block-buttons is-content-justification-center is-layout-flex wp-container-core-buttons-is-layout-a89b3969 wp-block-buttons-is-layout-flex\">\n<div class=\"wp-block-button\"><a class=\"wp-block-button__link wp-element-button\" href=\"http:\/\/studiocomunicacion.com\/?page_id=7216\">VER M\u00c1S<\/a><\/div>\n<\/div>\n<\/div><\/div>\n<\/div>\n\n\n\n<div class=\"wp-block-column is-vertically-aligned-center is-layout-flow wp-block-column-is-layout-flow\">\n<div class=\"wp-block-cover aligncenter\"><img loading=\"lazy\" decoding=\"async\" width=\"736\" height=\"772\" class=\"wp-block-cover__image-background wp-image-7139\" alt=\"\" src=\"http:\/\/studiocomunicacion.com\/wp-content\/uploads\/2025\/09\/Captura-de-pantalla-2025-09-20-a-las-14.07.19.png\" data-object-fit=\"cover\" srcset=\"http:\/\/studiocomunicacion.com\/wp-content\/uploads\/2025\/09\/Captura-de-pantalla-2025-09-20-a-las-14.07.19.png 736w, http:\/\/studiocomunicacion.com\/wp-content\/uploads\/2025\/09\/Captura-de-pantalla-2025-09-20-a-las-14.07.19-286x300.png 286w\" sizes=\"auto, (max-width: 736px) 100vw, 736px\" \/><span aria-hidden=\"true\" class=\"wp-block-cover__background has-background-dim\"><\/span><div class=\"wp-block-cover__inner-container is-layout-flow wp-block-cover-is-layout-flow\">\n<p class=\"has-text-align-center\">Direcci\u00f3n de arte e interiorismo LAGRAMA<\/p>\n\n\n\n<div class=\"wp-block-buttons is-content-justification-center is-layout-flex wp-container-core-buttons-is-layout-a89b3969 wp-block-buttons-is-layout-flex\">\n<div class=\"wp-block-button\"><a class=\"wp-block-button__link wp-element-button\" href=\"http:\/\/studiocomunicacion.com\/?page_id=7241\">VER M\u00c1S<\/a><\/div>\n<\/div>\n<\/div><\/div>\n<\/div>\n<\/div>\n<\/div>\n<\/div>\n\n\n\n<div class=\"wp-block-columns is-layout-flex wp-container-core-columns-is-layout-28f84493 wp-block-columns-is-layout-flex\">\n<div class=\"wp-block-column is-layout-flow wp-block-column-is-layout-flow\"><\/div>\n\n\n\n<div class=\"wp-block-column is-layout-flow wp-block-column-is-layout-flow\"><\/div>\n<\/div>\n\n\n\n<p><\/p>\n","protected":false},"excerpt":{"rendered":"<p>Transformo ideas en conceptos creativos s\u00f3lidos y vers\u00e1tiles, capaces de adaptarse a diferentes medios y formatos. Mi enfoque combina visi\u00f3n estrat\u00e9gica con sensibilidad est\u00e9tica, asegurando que cada proyecto mantenga coherencia y personalidad, sin importar el canal en el que se exprese. Cada propuesta se adapta a las necesidades de cada proyecto: puede tomar forma en &hellip; <\/p>\n<p class=\"link-more\"><a href=\"http:\/\/studiocomunicacion.com\/?page_id=7119\" class=\"more-link\">Leer m\u00e1s<span class=\"screen-reader-text\"> \u00abDESARROLLO DE CONCEPTOS CREATIVOS APLICADOS A MEDIOS DIGITALES, EDITORIALES Y F\u00cdSICOS\u00bb<\/span><\/a><\/p>\n","protected":false},"author":1,"featured_media":0,"parent":0,"menu_order":0,"comment_status":"closed","ping_status":"closed","template":"","meta":{"_editorskit_title_hidden":false,"_editorskit_reading_time":0,"_editorskit_is_block_options_detached":false,"_editorskit_block_options_position":"{}","footnotes":""},"class_list":["post-7119","page","type-page","status-publish","hentry"],"featured_media_urls":[],"_links":{"self":[{"href":"http:\/\/studiocomunicacion.com\/index.php?rest_route=\/wp\/v2\/pages\/7119","targetHints":{"allow":["GET"]}}],"collection":[{"href":"http:\/\/studiocomunicacion.com\/index.php?rest_route=\/wp\/v2\/pages"}],"about":[{"href":"http:\/\/studiocomunicacion.com\/index.php?rest_route=\/wp\/v2\/types\/page"}],"author":[{"embeddable":true,"href":"http:\/\/studiocomunicacion.com\/index.php?rest_route=\/wp\/v2\/users\/1"}],"replies":[{"embeddable":true,"href":"http:\/\/studiocomunicacion.com\/index.php?rest_route=%2Fwp%2Fv2%2Fcomments&post=7119"}],"version-history":[{"count":17,"href":"http:\/\/studiocomunicacion.com\/index.php?rest_route=\/wp\/v2\/pages\/7119\/revisions"}],"predecessor-version":[{"id":7372,"href":"http:\/\/studiocomunicacion.com\/index.php?rest_route=\/wp\/v2\/pages\/7119\/revisions\/7372"}],"wp:attachment":[{"href":"http:\/\/studiocomunicacion.com\/index.php?rest_route=%2Fwp%2Fv2%2Fmedia&parent=7119"}],"curies":[{"name":"wp","href":"https:\/\/api.w.org\/{rel}","templated":true}]}}