{"id":7143,"date":"2025-09-20T20:28:02","date_gmt":"2025-09-20T18:28:02","guid":{"rendered":"http:\/\/studiocomunicacion.com\/?page_id=7143"},"modified":"2025-09-21T21:19:23","modified_gmt":"2025-09-21T19:19:23","slug":"asesoramiento-en-branding-e-imagen-de-marca","status":"publish","type":"page","link":"http:\/\/studiocomunicacion.com\/?page_id=7143","title":{"rendered":"ASESORAMIENTO EN BRANDING E IMAGEN DE MARCA"},"content":{"rendered":"\n<p>Acompa\u00f1o a marcas y a proyectos creativos en la construcci\u00f3n de una identidad s\u00f3lida y coherente. Desde el concepto hasta los detalles visuales y comunicativos, ayudo a definir qui\u00e9n eres, c\u00f3mo te ves y c\u00f3mo quieres ser percibido, creando una imagen que conecta con tu audiencia y refleja tu esencia.<\/p>\n\n\n\n<p><\/p>\n\n\n\n<p><strong>BRAND GUIDELINES<\/strong><br>Con cada proyecto de brand awareness tendr\u00e1s un documento con las \u201c<strong>brand guidelines<\/strong>\u201d de tu nueva imagen. Unas pautas\/gu\u00eda para que tu imagen de marca sea coherente en cada situaci\u00f3n, y gane en reconocimiento, valor y consistencia.&nbsp;<br>Desde tipograf\u00edas, a paleta de colores, logotipos y plantillas\u2026 y una serie de normas que te ayudar\u00e1n a manejarte solo en la tarea de construir una marca solida y reconocida.<\/p>\n\n\n\n<div class=\"wp-block-columns is-layout-flex wp-container-core-columns-is-layout-28f84493 wp-block-columns-is-layout-flex\">\n<div class=\"wp-block-column is-layout-flow wp-block-column-is-layout-flow\">\n<figure class=\"wp-block-gallery has-nested-images columns-default is-cropped wp-block-gallery-4 is-layout-flex wp-block-gallery-is-layout-flex\">\n<figure class=\"wp-block-image size-full wp-duotone-rgb444343-rgb225221221-1\"><img loading=\"lazy\" decoding=\"async\" width=\"1024\" height=\"1024\" data-id=\"7144\" src=\"http:\/\/studiocomunicacion.com\/wp-content\/uploads\/2025\/09\/B4E91733-BDFC-4E43-95A2-B2242235574E-2.jpg\" alt=\"\" class=\"wp-image-7144\" srcset=\"http:\/\/studiocomunicacion.com\/wp-content\/uploads\/2025\/09\/B4E91733-BDFC-4E43-95A2-B2242235574E-2.jpg 1024w, http:\/\/studiocomunicacion.com\/wp-content\/uploads\/2025\/09\/B4E91733-BDFC-4E43-95A2-B2242235574E-2-300x300.jpg 300w, http:\/\/studiocomunicacion.com\/wp-content\/uploads\/2025\/09\/B4E91733-BDFC-4E43-95A2-B2242235574E-2-150x150.jpg 150w\" sizes=\"auto, (max-width: 1024px) 100vw, 1024px\" \/><\/figure>\n\n\n\n<figure class=\"wp-block-image size-large wp-duotone-rgba141313095-ccc-2\"><img loading=\"lazy\" decoding=\"async\" width=\"1024\" height=\"578\" data-id=\"7146\" src=\"http:\/\/studiocomunicacion.com\/wp-content\/uploads\/2025\/09\/Captura-de-pantalla-2025-09-20-a-las-20.22.09-1024x578.png\" alt=\"\" class=\"wp-image-7146\" srcset=\"http:\/\/studiocomunicacion.com\/wp-content\/uploads\/2025\/09\/Captura-de-pantalla-2025-09-20-a-las-20.22.09-1024x578.png 1024w, http:\/\/studiocomunicacion.com\/wp-content\/uploads\/2025\/09\/Captura-de-pantalla-2025-09-20-a-las-20.22.09-300x169.png 300w, http:\/\/studiocomunicacion.com\/wp-content\/uploads\/2025\/09\/Captura-de-pantalla-2025-09-20-a-las-20.22.09.png 1340w\" sizes=\"auto, (max-width: 1024px) 100vw, 1024px\" \/><\/figure>\n\n\n\n<figure class=\"wp-block-image size-full wp-duotone-rgb515151-rgb218218218-3\"><img loading=\"lazy\" decoding=\"async\" width=\"1024\" height=\"1024\" data-id=\"7149\" src=\"http:\/\/studiocomunicacion.com\/wp-content\/uploads\/2025\/09\/IMG_0619.jpg\" alt=\"\" class=\"wp-image-7149\" srcset=\"http:\/\/studiocomunicacion.com\/wp-content\/uploads\/2025\/09\/IMG_0619.jpg 1024w, http:\/\/studiocomunicacion.com\/wp-content\/uploads\/2025\/09\/IMG_0619-300x300.jpg 300w, http:\/\/studiocomunicacion.com\/wp-content\/uploads\/2025\/09\/IMG_0619-150x150.jpg 150w\" sizes=\"auto, (max-width: 1024px) 100vw, 1024px\" \/><\/figure>\n<\/figure>\n<\/div>\n<\/div>\n\n\n\n<p><\/p>\n","protected":false},"excerpt":{"rendered":"<p>Acompa\u00f1o a marcas y a proyectos creativos en la construcci\u00f3n de una identidad s\u00f3lida y coherente. Desde el concepto hasta los detalles visuales y comunicativos, ayudo a definir qui\u00e9n eres, c\u00f3mo te ves y c\u00f3mo quieres ser percibido, creando una imagen que conecta con tu audiencia y refleja tu esencia. BRAND GUIDELINESCon cada proyecto de &hellip; <\/p>\n<p class=\"link-more\"><a href=\"http:\/\/studiocomunicacion.com\/?page_id=7143\" class=\"more-link\">Leer m\u00e1s<span class=\"screen-reader-text\"> \u00abASESORAMIENTO EN BRANDING E IMAGEN DE MARCA\u00bb<\/span><\/a><\/p>\n","protected":false},"author":1,"featured_media":0,"parent":0,"menu_order":0,"comment_status":"closed","ping_status":"closed","template":"","meta":{"_editorskit_title_hidden":false,"_editorskit_reading_time":0,"_editorskit_is_block_options_detached":false,"_editorskit_block_options_position":"{}","footnotes":""},"class_list":["post-7143","page","type-page","status-publish","hentry"],"featured_media_urls":[],"_links":{"self":[{"href":"http:\/\/studiocomunicacion.com\/index.php?rest_route=\/wp\/v2\/pages\/7143","targetHints":{"allow":["GET"]}}],"collection":[{"href":"http:\/\/studiocomunicacion.com\/index.php?rest_route=\/wp\/v2\/pages"}],"about":[{"href":"http:\/\/studiocomunicacion.com\/index.php?rest_route=\/wp\/v2\/types\/page"}],"author":[{"embeddable":true,"href":"http:\/\/studiocomunicacion.com\/index.php?rest_route=\/wp\/v2\/users\/1"}],"replies":[{"embeddable":true,"href":"http:\/\/studiocomunicacion.com\/index.php?rest_route=%2Fwp%2Fv2%2Fcomments&post=7143"}],"version-history":[{"count":7,"href":"http:\/\/studiocomunicacion.com\/index.php?rest_route=\/wp\/v2\/pages\/7143\/revisions"}],"predecessor-version":[{"id":7311,"href":"http:\/\/studiocomunicacion.com\/index.php?rest_route=\/wp\/v2\/pages\/7143\/revisions\/7311"}],"wp:attachment":[{"href":"http:\/\/studiocomunicacion.com\/index.php?rest_route=%2Fwp%2Fv2%2Fmedia&parent=7143"}],"curies":[{"name":"wp","href":"https:\/\/api.w.org\/{rel}","templated":true}]}}