{"id":7321,"date":"2025-09-23T15:21:24","date_gmt":"2025-09-23T13:21:24","guid":{"rendered":"http:\/\/studiocomunicacion.com\/?page_id=7321"},"modified":"2025-09-23T15:23:15","modified_gmt":"2025-09-23T13:23:15","slug":"aviso-legal","status":"publish","type":"page","link":"http:\/\/studiocomunicacion.com\/?page_id=7321","title":{"rendered":"AVISO LEGAL"},"content":{"rendered":"\n<p>En cumplimiento del art\u00edculo 10 de la Ley 34\/2002, de 11 de julio, de Servicios de la Sociedad de la Informaci\u00f3n y Comercio Electr\u00f3nico (LSSI) a continuaci\u00f3n se detallan los datos identificativos:<\/p>\n\n\n\n<p>Studio Comunicaci\u00f3n\/ Inma Abella<br>Direcci\u00f3n: Carrer d&#8217;en Mig 19, 07800, Ibiza<br>Tel\u00e9fono: 639377505<br>Email: inma@studiocomunicacion.com<\/p>\n\n\n\n<p>IFINALIDAD DE LA P\u00c1GINA WEB.<br>El presente sitio web tiene como finalidad dar a conocer los servicios profesionales de Studio Comunicaci\u00f3n y facilitar el contacto con potenciales clientes.<\/p>\n\n\n\n<p>LEGISLACI\u00d3N<br>Con car\u00e1cter general las relaciones entre Studio Comunicaci\u00f3n con los Usuarios de sus servicios telem\u00e1ticos, presentes en este sitio web, se encuentran sometidas a la legislaci\u00f3n y jurisdicci\u00f3n espa\u00f1olas.<\/p>\n\n\n\n<p>USO Y ACCESO DE USUARIOS<br>El Usuario queda informado, y acepta, que el acceso a la presente web no supone, en modo alguno, el inicio de una relaci\u00f3n comercial con Studio Comunicacion o cualquiera de sus delegaciones.<\/p>\n\n\n\n<p>PROPIEDAD INTELECTUAL E INDUSTRIAL<br>Los derechos de propiedad intelectual del contenido de las p\u00e1ginas web, su dise\u00f1o gr\u00e1fico y c\u00f3digos son titularidad Studio Comunicaci\u00f3n\/ Inma Abella y, por tanto, queda prohibida su reproducci\u00f3n, distribuci\u00f3n, comunicaci\u00f3n p\u00fablica, transformaci\u00f3n o cualquier otra actividad que se pueda realizar con los contenidos de sus p\u00e1ginas web ni aun citando las fuentes, salvo consentimiento por escrito de Studio Comunicaci\u00f3n\/ Inma Abella.<\/p>\n\n\n\n<p>CONTENIDO DE LA WEB Y ENLACES (LINKS).<br>Studio Comunicaci\u00f3n se reserva el derecho a actualizar, modificar o eliminar la informaci\u00f3n contenida en sus p\u00e1ginas web pudiendo incluso limitar o no permitir el acceso a dicha informaci\u00f3n a ciertos usuarios. Studio Comunicaci\u00f3n no asume responsabilidad alguna por la informaci\u00f3n contenida en p\u00e1ginas web de terceros a las que se pueda acceder por \u201clinks\u201d o enlaces desde cualquier p\u00e1gina web propiedad Studio Comunicaci\u00f3n. La presencia de \u201clinks\u201d o enlaces en las p\u00e1ginas web de Studio Comunicaci\u00f3n tiene finalidad meramente informativa y en ning\u00fan caso supone sugerencia, invitaci\u00f3n o recomendaci\u00f3n sobre los mismos.<\/p>\n\n\n\n<p><\/p>\n","protected":false},"excerpt":{"rendered":"<p>En cumplimiento del art\u00edculo 10 de la Ley 34\/2002, de 11 de julio, de Servicios de la Sociedad de la Informaci\u00f3n y Comercio Electr\u00f3nico (LSSI) a continuaci\u00f3n se detallan los datos identificativos: Studio Comunicaci\u00f3n\/ Inma AbellaDirecci\u00f3n: Carrer d&#8217;en Mig 19, 07800, IbizaTel\u00e9fono: 639377505Email: inma@studiocomunicacion.com IFINALIDAD DE LA P\u00c1GINA WEB.El presente sitio web tiene como finalidad &hellip; <\/p>\n<p class=\"link-more\"><a href=\"http:\/\/studiocomunicacion.com\/?page_id=7321\" class=\"more-link\">Leer m\u00e1s<span class=\"screen-reader-text\"> \u00abAVISO LEGAL\u00bb<\/span><\/a><\/p>\n","protected":false},"author":1,"featured_media":0,"parent":0,"menu_order":0,"comment_status":"closed","ping_status":"closed","template":"","meta":{"_editorskit_title_hidden":false,"_editorskit_reading_time":0,"_editorskit_is_block_options_detached":false,"_editorskit_block_options_position":"{}","footnotes":""},"class_list":["post-7321","page","type-page","status-publish","hentry"],"featured_media_urls":[],"_links":{"self":[{"href":"http:\/\/studiocomunicacion.com\/index.php?rest_route=\/wp\/v2\/pages\/7321","targetHints":{"allow":["GET"]}}],"collection":[{"href":"http:\/\/studiocomunicacion.com\/index.php?rest_route=\/wp\/v2\/pages"}],"about":[{"href":"http:\/\/studiocomunicacion.com\/index.php?rest_route=\/wp\/v2\/types\/page"}],"author":[{"embeddable":true,"href":"http:\/\/studiocomunicacion.com\/index.php?rest_route=\/wp\/v2\/users\/1"}],"replies":[{"embeddable":true,"href":"http:\/\/studiocomunicacion.com\/index.php?rest_route=%2Fwp%2Fv2%2Fcomments&post=7321"}],"version-history":[{"count":3,"href":"http:\/\/studiocomunicacion.com\/index.php?rest_route=\/wp\/v2\/pages\/7321\/revisions"}],"predecessor-version":[{"id":7331,"href":"http:\/\/studiocomunicacion.com\/index.php?rest_route=\/wp\/v2\/pages\/7321\/revisions\/7331"}],"wp:attachment":[{"href":"http:\/\/studiocomunicacion.com\/index.php?rest_route=%2Fwp%2Fv2%2Fmedia&parent=7321"}],"curies":[{"name":"wp","href":"https:\/\/api.w.org\/{rel}","templated":true}]}}