{"id":7322,"date":"2025-09-23T15:01:56","date_gmt":"2025-09-23T13:01:56","guid":{"rendered":"http:\/\/studiocomunicacion.com\/?page_id=7322"},"modified":"2025-09-23T15:28:21","modified_gmt":"2025-09-23T13:28:21","slug":"politica-de-privacidad","status":"publish","type":"page","link":"http:\/\/studiocomunicacion.com\/?page_id=7322","title":{"rendered":"Pol\u00edtica de Privacidad"},"content":{"rendered":"\n<p>POL\u00cdTICA DE PRIVACIDAD<\/p>\n\n\n\n<p>A efecto de lo previsto en la Ley Org\u00e1nica 15\/1999, de 13 de diciembre, de Protecci\u00f3n de Datos de Car\u00e1cter Personal  Studio Comunicaci\u00f3n informa al Usuario de que es titular de ficheros de datos de car\u00e1cter personal inscritos en el R.G.P.D. (Registro General de Protecci\u00f3n de Datos) en los que sus datos quedan incorporados y son tratados con el fin de prestarle los servicios solicitados y enviarle la informaci\u00f3n acerca de nuestra empresa que pueda ser de su inter\u00e9s.<\/p>\n\n\n\n<p>ENV\u00cdO Y REGISTRO DE DATOS DE CAR\u00c1CTER PERSONAL<br>El env\u00edo de datos de car\u00e1cter personal es obligatorio para contactar y recibir informaci\u00f3n sobre los servicios prestados por Studio Comunicaci\u00f3n. Asimismo, el no facilitar los datos personales solicitados o el no aceptar la presente pol\u00edtica de protecci\u00f3n de datos supone la imposibilidad de suscribirse, registrarse o recibir informaci\u00f3n de dichos servicios. De acuerdo a lo establecido en la Ley Org\u00e1nica 15\/1999, de 13 de diciembre, de Protecci\u00f3n de Datos de Car\u00e1cter Personal, le informamos que los datos personales que se obtengan como consecuencia de su env\u00edo de datos personales, ser\u00e1n incorporados a un fichero titularidad de Inma Abella con domicilio Carrer d&#8217;en Mig 19, 07800 \u2013 Ibiza \u2013 Baleares, teniendo implementadas todas las medidas de seguridad establecidas en el Real Decreto 1720\/2007.<\/p>\n\n\n\n<p>EXACTITUD Y VERACIDAD DE LOS DATOS FACILITADOS<br>El Usuario que env\u00eda la informaci\u00f3n a Studio Comunicaci\u00f3n es el \u00fanico responsable de la veracidad y correcci\u00f3n de los datos incluidos, exoner\u00e1ndose Studio Comunicaci\u00f3n de cualquier responsabilidad al respecto. Los usuarios garantizan y responden, en cualquier caso, de la exactitud, vigencia y autenticidad de los datos personales facilitados, y se comprometen a mantenerlos debidamente actualizados. El usuario acepta proporcionar informaci\u00f3n completa y correcta en el formulario de registro o suscripci\u00f3n.<\/p>\n\n\n\n<p>Studio Comunicaci\u00f3n no responde de la veracidad de las informaciones que no sean de elaboraci\u00f3n propia y de las que se indique otra fuente, por lo que tampoco asume responsabilidad alguna en cuanto a hipot\u00e9ticos perjuicios que pudieran originarse por el uso de dicha informaci\u00f3n. Se exonera a Studio Comunicaci\u00f3n de responsabilidad ante cualquier da\u00f1o o perjuicio que pudiera sufrir el Usuario como consecuencia de errores, defectos u omisiones, en la informaci\u00f3n facilitada por Studio Comunicaci\u00f3n siempre que proceda de fuentes ajenas a Studio Comunicaci\u00f3n.<\/p>\n\n\n\n<p>CESI\u00d3N DE DATOS A TERCEROS<br>Studio Comunicaci\u00f3n no ceder\u00e1 los datos personales a terceros. No obstante, en el caso de ser cedidos a alg\u00fan tercero se producir\u00eda una informaci\u00f3n previa solicitando el consentimiento expreso del afectado en virtud del Art. 6 LOPD.<\/p>\n\n\n\n<p>EJERCICIO DE DERECHOS DE ACCESO, RECTIFICACI\u00d3N, CANCELACI\u00d3N Y OPOSICI\u00d3N<br>Podr\u00e1 dirigir sus comunicaciones y ejercitar los derechos de acceso, rectificaci\u00f3n, cancelaci\u00f3n y oposici\u00f3n a trav\u00e9s del correo electr\u00f3nico: inma@studiocomunicacion.com junto con prueba v\u00e1lida en derecho, como fotocopia del D.N.I. e indicando en el asunto \u201cPROTECCI\u00d3N DE DATOS\u201d.<\/p>\n\n\n\n<p>ACEPTACI\u00d3N Y CONSENTIMIENTO<br>El Usuario declara haber sido informado de las condiciones sobre protecci\u00f3n de datos de car\u00e1cter personal, aceptando y consintiendo el tratamiento de los mismos por parte de Studio Comunicaci\u00f3n, en la forma y para las finalidades indicadas en la presente Pol\u00edtica de Protecci\u00f3n de Datos Personales.<\/p>\n\n\n\n<p>CAMBIOS EN LA PRESENTE POL\u00cdTICA DE PRIVACIDAD.<br>Studio Comunicaci\u00f3n se reserva el derecho a modificar la presente pol\u00edtica para adaptarla a novedades legislativas o jurisprudenciales as\u00ed como a pr\u00e1cticas de la industria. En dichos supuestos, Studio Comunicaci\u00f3n anunciar\u00e1 en esta p\u00e1gina los cambios introducidos con razonable antelaci\u00f3n a su puesta en pr\u00e1ctica.<\/p>\n\n\n\n<p><\/p>\n","protected":false},"excerpt":{"rendered":"<p>POL\u00cdTICA DE PRIVACIDAD A efecto de lo previsto en la Ley Org\u00e1nica 15\/1999, de 13 de diciembre, de Protecci\u00f3n de Datos de Car\u00e1cter Personal Studio Comunicaci\u00f3n informa al Usuario de que es titular de ficheros de datos de car\u00e1cter personal inscritos en el R.G.P.D. (Registro General de Protecci\u00f3n de Datos) en los que sus datos &hellip; <\/p>\n<p class=\"link-more\"><a href=\"http:\/\/studiocomunicacion.com\/?page_id=7322\" class=\"more-link\">Leer m\u00e1s<span class=\"screen-reader-text\"> \u00abPol\u00edtica de Privacidad\u00bb<\/span><\/a><\/p>\n","protected":false},"author":1,"featured_media":0,"parent":0,"menu_order":0,"comment_status":"closed","ping_status":"closed","template":"","meta":{"_editorskit_title_hidden":false,"_editorskit_reading_time":0,"_editorskit_is_block_options_detached":false,"_editorskit_block_options_position":"{}","footnotes":""},"class_list":["post-7322","page","type-page","status-publish","hentry"],"featured_media_urls":[],"_links":{"self":[{"href":"http:\/\/studiocomunicacion.com\/index.php?rest_route=\/wp\/v2\/pages\/7322","targetHints":{"allow":["GET"]}}],"collection":[{"href":"http:\/\/studiocomunicacion.com\/index.php?rest_route=\/wp\/v2\/pages"}],"about":[{"href":"http:\/\/studiocomunicacion.com\/index.php?rest_route=\/wp\/v2\/types\/page"}],"author":[{"embeddable":true,"href":"http:\/\/studiocomunicacion.com\/index.php?rest_route=\/wp\/v2\/users\/1"}],"replies":[{"embeddable":true,"href":"http:\/\/studiocomunicacion.com\/index.php?rest_route=%2Fwp%2Fv2%2Fcomments&post=7322"}],"version-history":[{"count":4,"href":"http:\/\/studiocomunicacion.com\/index.php?rest_route=\/wp\/v2\/pages\/7322\/revisions"}],"predecessor-version":[{"id":7333,"href":"http:\/\/studiocomunicacion.com\/index.php?rest_route=\/wp\/v2\/pages\/7322\/revisions\/7333"}],"wp:attachment":[{"href":"http:\/\/studiocomunicacion.com\/index.php?rest_route=%2Fwp%2Fv2%2Fmedia&parent=7322"}],"curies":[{"name":"wp","href":"https:\/\/api.w.org\/{rel}","templated":true}]}}