{"id":7324,"date":"2025-09-23T15:04:04","date_gmt":"2025-09-23T13:04:04","guid":{"rendered":"http:\/\/studiocomunicacion.com\/?page_id=7324"},"modified":"2025-09-23T15:33:52","modified_gmt":"2025-09-23T13:33:52","slug":"politica-de-cookies","status":"publish","type":"page","link":"http:\/\/studiocomunicacion.com\/?page_id=7324","title":{"rendered":"Pol\u00edtica de Cookies"},"content":{"rendered":"\n<p>Con la finalidad de agilizar el servicio ofrecido, identificando con la m\u00e1xima celeridad a cada usuario habitual y personalizar en este caso su uso de la web, Studio Comunicaci\u00f3n puede utilizar \u00abcookies\u00bb.<\/p>\n\n\n\n<p>\u00bfQu\u00e9 son las cookies?<\/p>\n\n\n\n<p>Las \u00abcookies\u00bb son bloques de datos que determinadas p\u00e1ginas Web env\u00edan al disco duro del ordenador cuando \u00e9ste se conecta con la finalidad de identificarlo, quedando almacenada dicha informaci\u00f3n en el disco duro del ordenador del usuario.&nbsp;Permiten que el sitio web recuerde informaci\u00f3n sobre la visita del usuario, como idioma u otras opciones, con el fin de facilitar y agilizar la navegaci\u00f3n en pr\u00f3ximas visitas, mejorando la experiencia de navegaci\u00f3n del usuario.&nbsp;Las \u00abcookies\u00bb se vinculan a un usuario an\u00f3nimo, no permitiendo acceder a datos de car\u00e1cter personal ni, en general, a datos del disco duro del usuario.<\/p>\n\n\n\n<p>El propietario del ordenador tiene la posibilidad de configurar su navegador para que se instale en su disco duro una \u00abcookie\u00bb o bien para rechazar todas o algunas de las \u00abcookies\u00bb. Si rechaza las cookies podr\u00e1 seguir usando el Sitio Web, si bien ello podr\u00e1 suponer la limitaci\u00f3n en el uso de algunas de las prestaciones o impedir el buen funcionamiento de esta Web.<\/p>\n\n\n\n<p>Tipos de cookies<\/p>\n\n\n\n<p><em>(Fuente: Textos de la Agencia Espa\u00f1ola de Protecci\u00f3n de Datos)<\/em><\/p>\n\n\n\n<p>La primera clasificaci\u00f3n distingue entre Cookies propias o de terceros:<\/p>\n\n\n\n<ul class=\"wp-block-list\">\n<li>Cookies propias\u00a0-> Son aqu\u00e9llas que se env\u00edan al equipo terminal del usuario desde un equipo o dominio gestionado por el propio editor y desde el que se presta el servicio solicitado por el usuario.<\/li>\n\n\n\n<li>Cookies\u00a0de terceros\u00a0-> Son aqu\u00e9llas que se env\u00edan al equipo terminal del usuario desde un equipo o dominio que no es gestionado por el editor, sino por otra entidad que trata los datos obtenidos trav\u00e9s de las cookies.<\/li>\n<\/ul>\n\n\n\n<p>Seg\u00fan el plazo de tiempo que permanecen activas en el equipo terminal, se distingue entre Cookies de sesi\u00f3n o persistentes:<\/p>\n\n\n\n<ul class=\"wp-block-list\">\n<li>Cookies de sesi\u00f3n-> Son un tipo de cookies dise\u00f1adas para recabar y almacenar datos mientras el usuario accede a una p\u00e1gina web. Se suelen emplear para almacenar informaci\u00f3n que solo interesa conservar para la prestaci\u00f3n del servicio solicitado por el usuario en una sola ocasi\u00f3n (p.e. una lista de productos adquiridos).<\/li>\n\n\n\n<li>Cookies persistentes\u00a0-> Son un tipo de cookies en el que los datos siguen almacenados en el terminal y pueden ser accedidos y tratados durante un periodo definido por el responsable de la cookie, y que puede ir de unos minutos a varios a\u00f1os.<\/li>\n<\/ul>\n\n\n\n<p>Y por \u00faltimo, seg\u00fan su finalidad, las cookies se clasifican en T\u00e9cnicas, de Personalizaci\u00f3n, de An\u00e1lisis y publicitarias:<\/p>\n\n\n\n<ul class=\"wp-block-list\">\n<li>Cookies\u00a0T\u00e9cnicas\u00a0-> Son aqu\u00e9llas que permiten al usuario la navegaci\u00f3n a trav\u00e9s de una p\u00e1gina web, plataforma o aplicaci\u00f3n y la utilizaci\u00f3n de las diferentes opciones o servicios que en ella existan como, por ejemplo, controlar el tr\u00e1fico y la comunicaci\u00f3n de datos, identificar la sesi\u00f3n, acceder a partes de acceso restringido, recordar los elementos que integran un pedido, realizar el proceso de compra de un pedido, realizar la solicitud de inscripci\u00f3n o participaci\u00f3n en un evento, utilizar elementos de seguridad durante la navegaci\u00f3n, almacenar contenidos para la difusi\u00f3n de videos o sonido o compartir contenidos a trav\u00e9s de redes sociales.<\/li>\n\n\n\n<li>Cookies de personalizaci\u00f3n\u00a0-> Son aqu\u00e9llas que permiten al usuario acceder al servicio con algunas caracter\u00edsticas de car\u00e1cter general predefinidas en funci\u00f3n de una serie de criterios en el terminal del usuario como por ejemplo serian el idioma, el tipo de navegador a trav\u00e9s del cual accede al servicio, la configuraci\u00f3n regional desde donde accede al servicio, etc.<\/li>\n\n\n\n<li>Cookies\u00a0\u00a0de an\u00e1lisis\u00a0-> Son aqu\u00e9llas que permiten al responsable de las mismas, el seguimiento y an\u00e1lisis del comportamiento de los usuarios de los sitios web a los que est\u00e1n vinculadas. La informaci\u00f3n recogida mediante este tipo de cookies se utiliza en la medici\u00f3n de la actividad de los sitios web, aplicaci\u00f3n o plataforma y para la elaboraci\u00f3n de perfiles de navegaci\u00f3n de los usuarios de dichos sitios, aplicaciones y plataformas, con el fin de introducir mejoras en funci\u00f3n del an\u00e1lisis de los datos de uso que hacen los usuarios del servicio.<\/li>\n\n\n\n<li>Cookies\u00a0publicitarias\u00a0-> Son aqu\u00e9llas que permiten la gesti\u00f3n, de la forma m\u00e1s eficaz posible, de los espacios publicitarios que, en su caso, el editor haya incluido en una p\u00e1gina web, aplicaci\u00f3n o plataforma desde la que presta el servicio solicitado en base a criterios como el contenido editado o la frecuencia en la que se muestran los anuncios.<\/li>\n\n\n\n<li>Cookies\u00a0\u00a0de publicidad comportamental\u00a0-> Son aqu\u00e9llas que permiten la gesti\u00f3n, de la forma m\u00e1s eficaz posible, de los espacios publicitarios que, en su caso, el editor haya incluido en una p\u00e1gina web, aplicaci\u00f3n o plataforma desde la que presta el servicio solicitado. Estas cookies almacenan informaci\u00f3n del comportamiento de los usuarios obtenida a trav\u00e9s de la observaci\u00f3n continuada de sus h\u00e1bitos de navegaci\u00f3n, lo que permite desarrollar un perfil espec\u00edfico para mostrar publicidad en funci\u00f3n del mismo.<\/li>\n<\/ul>\n\n\n\n<p>Seg\u00fan el art\u00edculo 22.2 de la Ley de Servicios de la Sociedad de la Informaci\u00f3n y de Comercio electr\u00f3nico, quedan exceptuadas de la exigencia de consentimiento aquellas cookies que tienen por finalidad:<\/p>\n\n\n\n<ul class=\"wp-block-list\">\n<li>Cookies de \u00abentrada del usuario\u00bb<\/li>\n\n\n\n<li>Cookies de autenticaci\u00f3n o identificaci\u00f3n de usuario (\u00fanicamente de sesi\u00f3n)<\/li>\n\n\n\n<li>Cookies de seguridad del usuario<\/li>\n\n\n\n<li>Cookies de sesi\u00f3n de reproductor multimedia<\/li>\n\n\n\n<li>Cookies de sesi\u00f3n para equilibrar la carga<\/li>\n\n\n\n<li>Cookies de personalizaci\u00f3n de la interfaz de usuario<\/li>\n\n\n\n<li>Cookies de complemento (plug-in) para intercambiar contenidos sociales<\/li>\n<\/ul>\n\n\n\n<p>\u00bfQu\u00e9 tipo de Cookies utiliza esta p\u00e1gina web?<\/p>\n\n\n\n<p>En este sitio web se incluyen enlaces a redes sociales externas como Instagram.<br>Al acceder a estas plataformas quedas sujeto a sus propias pol\u00edticas de privacidad y cookies,<br>ajenas al control de Studio Comunicaci\u00f3n. Te recomendamos revisarlas antes de utilizarlas.<\/p>\n\n\n\n<p>Se pueden comprobar las cookies utilizadas en cada p\u00e1gina haciendo clic en el icono \u00abcandado\u00bb de la barra de su navegador.<\/p>\n\n\n\n<p>Forma de desactivar o eliminar las cookies<\/p>\n\n\n\n<p>Al navegar y continuar en esta web el usuario consiente en el uso de cookies en las condiciones establecidas en esta Pol\u00edtica. No obstante, el usuario puede permitir, bloquear o eliminar las cookies instaladas en su equipo mediante las opciones de su navegador destinadas para ello. A continuaci\u00f3n, les indicamos las instrucciones para distintos navegadores :<\/p>\n\n\n\n<ul class=\"wp-block-list\">\n<li>Internet Explorer\u00a0<a href=\"http:\/\/windows.microsoft.com\/es-es\/windows-vista\/block-or-allow-cookies\" target=\"_blank\" rel=\"noopener\">http:\/\/windows.microsoft.com\/es-es\/windows-vista\/block-or-allow-cookies<\/a><\/li>\n\n\n\n<li>Mozilla Firefox\u00a0<a href=\"http:\/\/support.mozilla.org\/es\/kb\/habilitar-y-deshabilitar-cookies-que-los-sitios-we\" target=\"_blank\" rel=\"noopener\">http:\/\/support.mozilla.org\/es\/kb\/habilitar-y-deshabilitar-cookies-que-los-sitios-we<\/a><\/li>\n\n\n\n<li>Google Chrome\u00a0<a href=\"https:\/\/support.google.com\/chrome\/answer\/95647?hl=es\" target=\"_blank\" rel=\"noopener\">https:\/\/support.google.com\/chrome\/answer\/95647?hl=es<\/a><\/li>\n\n\n\n<li>Windows Edge\u00a0<a href=\"http:\/\/windows.microsoft.com\/es-xl\/windows-10\/edge-privacy-faq\" target=\"_blank\" rel=\"noopener\">http:\/\/windows.microsoft.com\/es-xl\/windows-10\/edge-privacy-faq<\/a><\/li>\n\n\n\n<li>Google Chrome para android \u00a0<a href=\"https:\/\/support.google.com\/chrome\/answer\/114662?hl=es&amp;rd=1\" target=\"_blank\" rel=\"noopener\">https:\/\/support.google.com\/chrome\/answer\/114662?hl=es&amp;rd=1<\/a><\/li>\n\n\n\n<li>Safari\u00a0<a href=\"https:\/\/support.apple.com\/kb\/ph5042?locale=en_US\" target=\"_blank\" rel=\"noopener\">https:\/\/support.apple.com\/kb\/ph5042?locale=en_US<\/a><\/li>\n\n\n\n<li>Safari IOs\u00a0<a href=\"https:\/\/support.apple.com\/kb\/ph5042?locale=en_US\" target=\"_blank\" rel=\"noopener\">https:\/\/support.apple.com\/kb\/ph5042?locale=en_US<\/a><\/li>\n<\/ul>\n\n\n\n<p><\/p>\n","protected":false},"excerpt":{"rendered":"<p>Con la finalidad de agilizar el servicio ofrecido, identificando con la m\u00e1xima celeridad a cada usuario habitual y personalizar en este caso su uso de la web, Studio Comunicaci\u00f3n puede utilizar \u00abcookies\u00bb. \u00bfQu\u00e9 son las cookies? Las \u00abcookies\u00bb son bloques de datos que determinadas p\u00e1ginas Web env\u00edan al disco duro del ordenador cuando \u00e9ste se &hellip; <\/p>\n<p class=\"link-more\"><a href=\"http:\/\/studiocomunicacion.com\/?page_id=7324\" class=\"more-link\">Leer m\u00e1s<span class=\"screen-reader-text\"> \u00abPol\u00edtica de Cookies\u00bb<\/span><\/a><\/p>\n","protected":false},"author":1,"featured_media":0,"parent":0,"menu_order":0,"comment_status":"closed","ping_status":"closed","template":"","meta":{"_editorskit_title_hidden":false,"_editorskit_reading_time":0,"_editorskit_is_block_options_detached":false,"_editorskit_block_options_position":"{}","footnotes":""},"class_list":["post-7324","page","type-page","status-publish","hentry"],"featured_media_urls":[],"_links":{"self":[{"href":"http:\/\/studiocomunicacion.com\/index.php?rest_route=\/wp\/v2\/pages\/7324","targetHints":{"allow":["GET"]}}],"collection":[{"href":"http:\/\/studiocomunicacion.com\/index.php?rest_route=\/wp\/v2\/pages"}],"about":[{"href":"http:\/\/studiocomunicacion.com\/index.php?rest_route=\/wp\/v2\/types\/page"}],"author":[{"embeddable":true,"href":"http:\/\/studiocomunicacion.com\/index.php?rest_route=\/wp\/v2\/users\/1"}],"replies":[{"embeddable":true,"href":"http:\/\/studiocomunicacion.com\/index.php?rest_route=%2Fwp%2Fv2%2Fcomments&post=7324"}],"version-history":[{"count":5,"href":"http:\/\/studiocomunicacion.com\/index.php?rest_route=\/wp\/v2\/pages\/7324\/revisions"}],"predecessor-version":[{"id":7336,"href":"http:\/\/studiocomunicacion.com\/index.php?rest_route=\/wp\/v2\/pages\/7324\/revisions\/7336"}],"wp:attachment":[{"href":"http:\/\/studiocomunicacion.com\/index.php?rest_route=%2Fwp%2Fv2%2Fmedia&parent=7324"}],"curies":[{"name":"wp","href":"https:\/\/api.w.org\/{rel}","templated":true}]}}